{"id":1748,"date":"2020-02-12T21:29:49","date_gmt":"2020-02-12T21:29:49","guid":{"rendered":"https:\/\/medlegal.ca\/le-cabinet\/jean-francois-leroux\/"},"modified":"2026-04-01T13:02:11","modified_gmt":"2026-04-01T13:02:11","slug":"jean-francois-leroux","status":"publish","type":"page","link":"https:\/\/medlegal.ca\/en\/our-firm\/jean-francois-leroux\/","title":{"rendered":"Jean-Fran\u00e7ois Leroux"},"content":{"rendered":"\t\t<div data-elementor-type=\"wp-page\" data-elementor-id=\"1748\" class=\"elementor elementor-1748 elementor-301\" data-elementor-post-type=\"page\">\n\t\t\t\t\t\t<section class=\"elementor-section elementor-top-section elementor-element elementor-element-2c7bb81 elementor-section-height-min-height img_haut_page elementor-section-boxed elementor-section-height-default elementor-section-items-middle elementor-invisible\" data-id=\"2c7bb81\" data-element_type=\"section\" data-settings=\"{&quot;jet_parallax_layout_list&quot;:[{&quot;jet_parallax_layout_image&quot;:{&quot;url&quot;:&quot;&quot;,&quot;id&quot;:&quot;&quot;,&quot;size&quot;:&quot;&quot;},&quot;_id&quot;:&quot;cb595d5&quot;,&quot;jet_parallax_layout_image_tablet&quot;:{&quot;url&quot;:&quot;&quot;,&quot;id&quot;:&quot;&quot;,&quot;size&quot;:&quot;&quot;},&quot;jet_parallax_layout_image_mobile&quot;:{&quot;url&quot;:&quot;&quot;,&quot;id&quot;:&quot;&quot;,&quot;size&quot;:&quot;&quot;},&quot;jet_parallax_layout_speed&quot;:{&quot;unit&quot;:&quot;%&quot;,&quot;size&quot;:50,&quot;sizes&quot;:[]},&quot;jet_parallax_layout_type&quot;:&quot;scroll&quot;,&quot;jet_parallax_layout_direction&quot;:&quot;1&quot;,&quot;jet_parallax_layout_fx_direction&quot;:null,&quot;jet_parallax_layout_z_index&quot;:&quot;&quot;,&quot;jet_parallax_layout_bg_x&quot;:50,&quot;jet_parallax_layout_bg_x_tablet&quot;:&quot;&quot;,&quot;jet_parallax_layout_bg_x_mobile&quot;:&quot;&quot;,&quot;jet_parallax_layout_bg_y&quot;:50,&quot;jet_parallax_layout_bg_y_tablet&quot;:&quot;&quot;,&quot;jet_parallax_layout_bg_y_mobile&quot;:&quot;&quot;,&quot;jet_parallax_layout_bg_size&quot;:&quot;auto&quot;,&quot;jet_parallax_layout_bg_size_tablet&quot;:&quot;&quot;,&quot;jet_parallax_layout_bg_size_mobile&quot;:&quot;&quot;,&quot;jet_parallax_layout_animation_prop&quot;:&quot;transform&quot;,&quot;jet_parallax_layout_on&quot;:[&quot;desktop&quot;,&quot;tablet&quot;]}],&quot;background_background&quot;:&quot;classic&quot;,&quot;animation&quot;:&quot;fadeInDown&quot;}\">\n\t\t\t\t\t\t<div class=\"elementor-container elementor-column-gap-default\">\n\t\t\t\t\t<div class=\"elementor-column elementor-col-100 elementor-top-column elementor-element elementor-element-c08ae84\" data-id=\"c08ae84\" data-element_type=\"column\">\n\t\t\t<div class=\"elementor-widget-wrap elementor-element-populated\">\n\t\t\t\t\t\t<section class=\"elementor-section elementor-inner-section elementor-element elementor-element-3d10aa6 elementor-section-boxed elementor-section-height-default elementor-section-height-default\" data-id=\"3d10aa6\" data-element_type=\"section\" data-settings=\"{&quot;jet_parallax_layout_list&quot;:[{&quot;jet_parallax_layout_image&quot;:{&quot;url&quot;:&quot;&quot;,&quot;id&quot;:&quot;&quot;,&quot;size&quot;:&quot;&quot;},&quot;_id&quot;:&quot;8dffd31&quot;,&quot;jet_parallax_layout_image_tablet&quot;:{&quot;url&quot;:&quot;&quot;,&quot;id&quot;:&quot;&quot;,&quot;size&quot;:&quot;&quot;},&quot;jet_parallax_layout_image_mobile&quot;:{&quot;url&quot;:&quot;&quot;,&quot;id&quot;:&quot;&quot;,&quot;size&quot;:&quot;&quot;},&quot;jet_parallax_layout_speed&quot;:{&quot;unit&quot;:&quot;%&quot;,&quot;size&quot;:50,&quot;sizes&quot;:[]},&quot;jet_parallax_layout_type&quot;:&quot;scroll&quot;,&quot;jet_parallax_layout_direction&quot;:&quot;1&quot;,&quot;jet_parallax_layout_fx_direction&quot;:null,&quot;jet_parallax_layout_z_index&quot;:&quot;&quot;,&quot;jet_parallax_layout_bg_x&quot;:50,&quot;jet_parallax_layout_bg_x_tablet&quot;:&quot;&quot;,&quot;jet_parallax_layout_bg_x_mobile&quot;:&quot;&quot;,&quot;jet_parallax_layout_bg_y&quot;:50,&quot;jet_parallax_layout_bg_y_tablet&quot;:&quot;&quot;,&quot;jet_parallax_layout_bg_y_mobile&quot;:&quot;&quot;,&quot;jet_parallax_layout_bg_size&quot;:&quot;auto&quot;,&quot;jet_parallax_layout_bg_size_tablet&quot;:&quot;&quot;,&quot;jet_parallax_layout_bg_size_mobile&quot;:&quot;&quot;,&quot;jet_parallax_layout_animation_prop&quot;:&quot;transform&quot;,&quot;jet_parallax_layout_on&quot;:[&quot;desktop&quot;,&quot;tablet&quot;]}]}\">\n\t\t\t\t\t\t<div class=\"elementor-container elementor-column-gap-default\">\n\t\t\t\t\t<div class=\"elementor-column elementor-col-100 elementor-inner-column elementor-element elementor-element-57cbfbc\" data-id=\"57cbfbc\" data-element_type=\"column\">\n\t\t\t<div class=\"elementor-widget-wrap elementor-element-populated\">\n\t\t\t\t\t\t<div class=\"elementor-element elementor-element-76bb040 elementor-widget elementor-widget-heading\" data-id=\"76bb040\" data-element_type=\"widget\" data-widget_type=\"heading.default\">\n\t\t\t\t<div class=\"elementor-widget-container\">\n\t\t\t\t\t<h1 class=\"elementor-heading-title elementor-size-default\">Jean-Fran\u00e7ois Leroux<\/h1>\t\t\t\t<\/div>\n\t\t\t\t<\/div>\n\t\t\t\t<div class=\"elementor-element elementor-element-b53af89 elementor-widget elementor-widget-heading\" data-id=\"b53af89\" data-element_type=\"widget\" data-widget_type=\"heading.default\">\n\t\t\t\t<div class=\"elementor-widget-container\">\n\t\t\t\t\t<h2 class=\"elementor-heading-title elementor-size-default\">Partner<\/h2>\t\t\t\t<\/div>\n\t\t\t\t<\/div>\n\t\t\t\t\t<\/div>\n\t\t<\/div>\n\t\t\t\t\t<\/div>\n\t\t<\/section>\n\t\t\t\t\t<\/div>\n\t\t<\/div>\n\t\t\t\t\t<\/div>\n\t\t<\/section>\n\t\t\t\t<section class=\"elementor-section elementor-top-section elementor-element elementor-element-79f3447 elementor-section-boxed elementor-section-height-default elementor-section-height-default\" data-id=\"79f3447\" data-element_type=\"section\" data-settings=\"{&quot;jet_parallax_layout_list&quot;:[{&quot;jet_parallax_layout_image&quot;:{&quot;url&quot;:&quot;&quot;,&quot;id&quot;:&quot;&quot;,&quot;size&quot;:&quot;&quot;},&quot;_id&quot;:&quot;7299ba2&quot;,&quot;jet_parallax_layout_image_tablet&quot;:{&quot;url&quot;:&quot;&quot;,&quot;id&quot;:&quot;&quot;,&quot;size&quot;:&quot;&quot;},&quot;jet_parallax_layout_image_mobile&quot;:{&quot;url&quot;:&quot;&quot;,&quot;id&quot;:&quot;&quot;,&quot;size&quot;:&quot;&quot;},&quot;jet_parallax_layout_speed&quot;:{&quot;unit&quot;:&quot;%&quot;,&quot;size&quot;:50,&quot;sizes&quot;:[]},&quot;jet_parallax_layout_type&quot;:&quot;scroll&quot;,&quot;jet_parallax_layout_direction&quot;:&quot;1&quot;,&quot;jet_parallax_layout_fx_direction&quot;:null,&quot;jet_parallax_layout_z_index&quot;:&quot;&quot;,&quot;jet_parallax_layout_bg_x&quot;:50,&quot;jet_parallax_layout_bg_x_tablet&quot;:&quot;&quot;,&quot;jet_parallax_layout_bg_x_mobile&quot;:&quot;&quot;,&quot;jet_parallax_layout_bg_y&quot;:50,&quot;jet_parallax_layout_bg_y_tablet&quot;:&quot;&quot;,&quot;jet_parallax_layout_bg_y_mobile&quot;:&quot;&quot;,&quot;jet_parallax_layout_bg_size&quot;:&quot;auto&quot;,&quot;jet_parallax_layout_bg_size_tablet&quot;:&quot;&quot;,&quot;jet_parallax_layout_bg_size_mobile&quot;:&quot;&quot;,&quot;jet_parallax_layout_animation_prop&quot;:&quot;transform&quot;,&quot;jet_parallax_layout_on&quot;:[&quot;desktop&quot;,&quot;tablet&quot;]}],&quot;background_background&quot;:&quot;classic&quot;}\">\n\t\t\t\t\t\t\t<div class=\"elementor-background-overlay\"><\/div>\n\t\t\t\t\t\t\t<div class=\"elementor-container elementor-column-gap-default\">\n\t\t\t\t\t<div class=\"elementor-column elementor-col-100 elementor-top-column elementor-element elementor-element-1ff0bc3\" data-id=\"1ff0bc3\" data-element_type=\"column\">\n\t\t\t<div class=\"elementor-widget-wrap elementor-element-populated\">\n\t\t\t\t\t\t<section class=\"elementor-section elementor-inner-section elementor-element elementor-element-b49a750 elementor-section-boxed elementor-section-height-default elementor-section-height-default\" data-id=\"b49a750\" data-element_type=\"section\" data-settings=\"{&quot;jet_parallax_layout_list&quot;:[{&quot;jet_parallax_layout_image&quot;:{&quot;url&quot;:&quot;&quot;,&quot;id&quot;:&quot;&quot;,&quot;size&quot;:&quot;&quot;},&quot;_id&quot;:&quot;282d044&quot;,&quot;jet_parallax_layout_image_tablet&quot;:{&quot;url&quot;:&quot;&quot;,&quot;id&quot;:&quot;&quot;,&quot;size&quot;:&quot;&quot;},&quot;jet_parallax_layout_image_mobile&quot;:{&quot;url&quot;:&quot;&quot;,&quot;id&quot;:&quot;&quot;,&quot;size&quot;:&quot;&quot;},&quot;jet_parallax_layout_speed&quot;:{&quot;unit&quot;:&quot;%&quot;,&quot;size&quot;:50,&quot;sizes&quot;:[]},&quot;jet_parallax_layout_type&quot;:&quot;scroll&quot;,&quot;jet_parallax_layout_direction&quot;:&quot;1&quot;,&quot;jet_parallax_layout_fx_direction&quot;:null,&quot;jet_parallax_layout_z_index&quot;:&quot;&quot;,&quot;jet_parallax_layout_bg_x&quot;:50,&quot;jet_parallax_layout_bg_x_tablet&quot;:&quot;&quot;,&quot;jet_parallax_layout_bg_x_mobile&quot;:&quot;&quot;,&quot;jet_parallax_layout_bg_y&quot;:50,&quot;jet_parallax_layout_bg_y_tablet&quot;:&quot;&quot;,&quot;jet_parallax_layout_bg_y_mobile&quot;:&quot;&quot;,&quot;jet_parallax_layout_bg_size&quot;:&quot;auto&quot;,&quot;jet_parallax_layout_bg_size_tablet&quot;:&quot;&quot;,&quot;jet_parallax_layout_bg_size_mobile&quot;:&quot;&quot;,&quot;jet_parallax_layout_animation_prop&quot;:&quot;transform&quot;,&quot;jet_parallax_layout_on&quot;:[&quot;desktop&quot;,&quot;tablet&quot;]}],&quot;background_background&quot;:&quot;classic&quot;}\">\n\t\t\t\t\t\t<div class=\"elementor-container elementor-column-gap-no\">\n\t\t\t\t\t<div class=\"jet-sticky-column elementor-column elementor-col-50 elementor-inner-column elementor-element elementor-element-b0a92e8\" data-jet-settings=\"{&quot;id&quot;:&quot;b0a92e8&quot;,&quot;sticky&quot;:true,&quot;topSpacing&quot;:50,&quot;bottomSpacing&quot;:50,&quot;stickyOn&quot;:[&quot;desktop&quot;],&quot;behavior&quot;:&quot;default&quot;,&quot;zIndex&quot;:1100}\" data-id=\"b0a92e8\" data-element_type=\"column\">\n\t\t\t<div class=\"elementor-widget-wrap elementor-element-populated\">\n\t\t\t\t\t\t<div class=\"elementor-element elementor-element-c62f678 elementor-widget elementor-widget-image\" data-id=\"c62f678\" data-element_type=\"widget\" data-widget_type=\"image.default\">\n\t\t\t\t<div class=\"elementor-widget-container\">\n\t\t\t\t\t\t\t\t\t\t\t\t\t\t\t<img fetchpriority=\"high\" decoding=\"async\" width=\"560\" height=\"910\" src=\"https:\/\/medlegal.ca\/wp-content\/uploads\/2020\/02\/jean-francois.jpg\" class=\"attachment-full size-full wp-image-341\" alt=\"\" srcset=\"https:\/\/medlegal.ca\/wp-content\/uploads\/2020\/02\/jean-francois.jpg 560w, https:\/\/medlegal.ca\/wp-content\/uploads\/2020\/02\/jean-francois-185x300.jpg 185w\" sizes=\"(max-width: 560px) 100vw, 560px\" \/>\t\t\t\t\t\t\t\t\t\t\t\t\t\t\t<\/div>\n\t\t\t\t<\/div>\n\t\t\t\t\t<\/div>\n\t\t<\/div>\n\t\t\t\t<div class=\"elementor-column elementor-col-50 elementor-inner-column elementor-element elementor-element-4f8da87\" data-id=\"4f8da87\" data-element_type=\"column\">\n\t\t\t<div class=\"elementor-widget-wrap elementor-element-populated\">\n\t\t\t\t\t\t<div class=\"elementor-element elementor-element-2a1fc88 elementor-widget elementor-widget-text-editor\" data-id=\"2a1fc88\" data-element_type=\"widget\" data-widget_type=\"text-editor.default\">\n\t\t\t\t<div class=\"elementor-widget-container\">\n\t\t\t\t\t\t\t\t\t<p>Named since 2016 by his peers in \u201cLexpert\u201d magazine as being a leader in the field of medical liability, Me Leroux has over 20 years of experience as a lawyer specializing in this field.\u00a0<\/p><p>In addition to having piloted hundreds of medical liability cases, Me Leroux had the opportunity to be involved in various collective actions in the health field such at the collective action brought to denounce the abuse of restraint and isolation measures at the \u201cCentre hospitalier du Suro\u00eet,\u201d the collective action brought to denounce the sectorization in mental health as well as the collective action brought against the clinics \u201cZ\u00e9ro Gravit\u00e9\u201d.<\/p><p>In winter 2019, Mr. Leroux acted as co-counsel in the highly publicized Gladu \/ Truchon trial. Mr. Leroux represented two citizens who succeeded to invalidate the provisions of the Criminal Code which conditioned access to medical assistance in dying to the fact of being at the end of life.<\/p><p>Me Leroux regularly acts as a speaker in continuing education activities for health professionals and lawyers. He collaborated to provide training for several years in the micro-program on \u201cm\u00e9decine d\u2019assurance et d\u2019expertise\u201d at the University of Montr\u00e9al. He also collaborates and provides training in the wound care micro-program at Sherbrooke University. Me Leroux also gives lectures for organizations defending the rights of users and the general public.<\/p><p><span style=\"text-decoration: underline;\"><strong>Contact information :<\/strong><\/span><\/p><p><a href=\"mailto:jfleroux\u00ad@medlegal.ca\">jfleroux\u00ad@medlegal.ca<\/a><\/p><p><a href=\"tel:+15145035644\">514-503-5644<\/a> poste 5<\/p><p><a href=\"https:\/\/www.bestlawyers.com\/lawyers\/jean-francois-leroux\/264394\"><br \/><img decoding=\"async\" title=\"Best Lawyers - Lawyer Logo\" src=\"https:\/\/www.bestlawyers.com\/Logos\/ListedLawyer\/264394\/CA\/19\/O\/Basic.png\" alt=\"Best Lawyers - Lawyer Logo\" \/><br \/><\/a><\/p>\t\t\t\t\t\t\t\t<\/div>\n\t\t\t\t<\/div>\n\t\t\t\t\t<\/div>\n\t\t<\/div>\n\t\t\t\t\t<\/div>\n\t\t<\/section>\n\t\t\t\t\t<\/div>\n\t\t<\/div>\n\t\t\t\t\t<\/div>\n\t\t<\/section>\n\t\t\t\t<\/div>\n\t\t","protected":false},"excerpt":{"rendered":"<p>Jean-Fran\u00e7ois Leroux Partner Named since 2016 by his peers in \u201cLexpert\u201d magazine as being a leader in the field of medical liability, Me Leroux has over 20 years of experience as a lawyer specializing in this field.\u00a0 In addition to having piloted hundreds of medical liability cases, Me Leroux had the opportunity to be involved [&hellip;]<\/p>\n","protected":false},"author":1,"featured_media":0,"parent":1741,"menu_order":0,"comment_status":"closed","ping_status":"closed","template":"elementor_header_footer","meta":{"_acf_changed":false,"footnotes":""},"class_list":["post-1748","page","type-page","status-publish","hentry"],"acf":[],"yoast_head":"<!-- This site is optimized with the Yoast SEO plugin v26.8 - https:\/\/yoast.com\/product\/yoast-seo-wordpress\/ -->\n<title>Jean-Fran\u00e7ois Leroux - MedL\u00e9gal<\/title>\n<meta name=\"robots\" content=\"index, follow, max-snippet:-1, max-image-preview:large, max-video-preview:-1\" \/>\n<link rel=\"canonical\" href=\"https:\/\/medlegal.ca\/en\/our-firm\/jean-francois-leroux\/\" \/>\n<meta property=\"og:locale\" content=\"en_US\" \/>\n<meta property=\"og:type\" content=\"article\" \/>\n<meta property=\"og:title\" content=\"Jean-Fran\u00e7ois Leroux - MedL\u00e9gal\" \/>\n<meta property=\"og:description\" content=\"Jean-Fran\u00e7ois Leroux Partner Named since 2016 by his peers in \u201cLexpert\u201d magazine as being a leader in the field of medical liability, Me Leroux has over 20 years of experience as a lawyer specializing in this field.\u00a0 In addition to having piloted hundreds of medical liability cases, Me Leroux had the opportunity to be involved [&hellip;]\" \/>\n<meta property=\"og:url\" content=\"https:\/\/medlegal.ca\/en\/our-firm\/jean-francois-leroux\/\" \/>\n<meta property=\"og:site_name\" content=\"MedL\u00e9gal\" \/>\n<meta property=\"article:modified_time\" content=\"2026-04-01T13:02:11+00:00\" \/>\n<meta property=\"og:image\" content=\"https:\/\/medlegal.ca\/wp-content\/uploads\/2020\/02\/jean-francois.jpg\" \/>\n\t<meta property=\"og:image:width\" content=\"560\" \/>\n\t<meta property=\"og:image:height\" content=\"910\" \/>\n\t<meta property=\"og:image:type\" content=\"image\/jpeg\" \/>\n<meta name=\"twitter:card\" content=\"summary_large_image\" \/>\n<meta name=\"twitter:label1\" content=\"Est. reading time\" \/>\n\t<meta name=\"twitter:data1\" content=\"2 minutes\" \/>\n<!-- \/ Yoast SEO plugin. -->","yoast_head_json":{"title":"Jean-Fran\u00e7ois Leroux - MedL\u00e9gal","robots":{"index":"index","follow":"follow","max-snippet":"max-snippet:-1","max-image-preview":"max-image-preview:large","max-video-preview":"max-video-preview:-1"},"canonical":"https:\/\/medlegal.ca\/en\/our-firm\/jean-francois-leroux\/","og_locale":"en_US","og_type":"article","og_title":"Jean-Fran\u00e7ois Leroux - MedL\u00e9gal","og_description":"Jean-Fran\u00e7ois Leroux Partner Named since 2016 by his peers in \u201cLexpert\u201d magazine as being a leader in the field of medical liability, Me Leroux has over 20 years of experience as a lawyer specializing in this field.\u00a0 In addition to having piloted hundreds of medical liability cases, Me Leroux had the opportunity to be involved [&hellip;]","og_url":"https:\/\/medlegal.ca\/en\/our-firm\/jean-francois-leroux\/","og_site_name":"MedL\u00e9gal","article_modified_time":"2026-04-01T13:02:11+00:00","og_image":[{"width":560,"height":910,"url":"https:\/\/medlegal.ca\/wp-content\/uploads\/2020\/02\/jean-francois.jpg","type":"image\/jpeg"}],"twitter_card":"summary_large_image","twitter_misc":{"Est. reading time":"2 minutes"},"schema":{"@context":"https:\/\/schema.org","@graph":[{"@type":"WebPage","@id":"https:\/\/medlegal.ca\/en\/our-firm\/jean-francois-leroux\/","url":"https:\/\/medlegal.ca\/en\/our-firm\/jean-francois-leroux\/","name":"Jean-Fran\u00e7ois Leroux - MedL\u00e9gal","isPartOf":{"@id":"https:\/\/medlegal.ca\/en\/#website"},"primaryImageOfPage":{"@id":"https:\/\/medlegal.ca\/en\/our-firm\/jean-francois-leroux\/#primaryimage"},"image":{"@id":"https:\/\/medlegal.ca\/en\/our-firm\/jean-francois-leroux\/#primaryimage"},"thumbnailUrl":"https:\/\/medlegal.ca\/wp-content\/uploads\/2020\/02\/jean-francois.jpg","datePublished":"2020-02-12T21:29:49+00:00","dateModified":"2026-04-01T13:02:11+00:00","breadcrumb":{"@id":"https:\/\/medlegal.ca\/en\/our-firm\/jean-francois-leroux\/#breadcrumb"},"inLanguage":"en-CA","potentialAction":[{"@type":"ReadAction","target":["https:\/\/medlegal.ca\/en\/our-firm\/jean-francois-leroux\/"]}]},{"@type":"ImageObject","inLanguage":"en-CA","@id":"https:\/\/medlegal.ca\/en\/our-firm\/jean-francois-leroux\/#primaryimage","url":"https:\/\/medlegal.ca\/wp-content\/uploads\/2020\/02\/jean-francois.jpg","contentUrl":"https:\/\/medlegal.ca\/wp-content\/uploads\/2020\/02\/jean-francois.jpg"},{"@type":"BreadcrumbList","@id":"https:\/\/medlegal.ca\/en\/our-firm\/jean-francois-leroux\/#breadcrumb","itemListElement":[{"@type":"ListItem","position":1,"name":"Accueil","item":"https:\/\/medlegal.ca\/en\/"},{"@type":"ListItem","position":2,"name":"Our firm","item":"https:\/\/medlegal.ca\/en\/our-firm\/"},{"@type":"ListItem","position":3,"name":"Jean-Fran\u00e7ois Leroux"}]},{"@type":"WebSite","@id":"https:\/\/medlegal.ca\/en\/#website","url":"https:\/\/medlegal.ca\/en\/","name":"MedL\u00e9gal","description":"Avocats","publisher":{"@id":"https:\/\/medlegal.ca\/en\/#organization"},"potentialAction":[{"@type":"SearchAction","target":{"@type":"EntryPoint","urlTemplate":"https:\/\/medlegal.ca\/en\/?s={search_term_string}"},"query-input":{"@type":"PropertyValueSpecification","valueRequired":true,"valueName":"search_term_string"}}],"inLanguage":"en-CA"},{"@type":"Organization","@id":"https:\/\/medlegal.ca\/en\/#organization","name":"MedL\u00e9gal","url":"https:\/\/medlegal.ca\/en\/","logo":{"@type":"ImageObject","inLanguage":"en-CA","@id":"https:\/\/medlegal.ca\/en\/#\/schema\/logo\/image\/","url":"https:\/\/medlegal.ca\/wp-content\/uploads\/2019\/10\/logo-MedLegal.jpg","contentUrl":"https:\/\/medlegal.ca\/wp-content\/uploads\/2019\/10\/logo-MedLegal.jpg","width":1588,"height":525,"caption":"MedL\u00e9gal"},"image":{"@id":"https:\/\/medlegal.ca\/en\/#\/schema\/logo\/image\/"}}]}},"_links":{"self":[{"href":"https:\/\/medlegal.ca\/en\/wp-json\/wp\/v2\/pages\/1748","targetHints":{"allow":["GET"]}}],"collection":[{"href":"https:\/\/medlegal.ca\/en\/wp-json\/wp\/v2\/pages"}],"about":[{"href":"https:\/\/medlegal.ca\/en\/wp-json\/wp\/v2\/types\/page"}],"author":[{"embeddable":true,"href":"https:\/\/medlegal.ca\/en\/wp-json\/wp\/v2\/users\/1"}],"replies":[{"embeddable":true,"href":"https:\/\/medlegal.ca\/en\/wp-json\/wp\/v2\/comments?post=1748"}],"version-history":[{"count":12,"href":"https:\/\/medlegal.ca\/en\/wp-json\/wp\/v2\/pages\/1748\/revisions"}],"predecessor-version":[{"id":3307,"href":"https:\/\/medlegal.ca\/en\/wp-json\/wp\/v2\/pages\/1748\/revisions\/3307"}],"up":[{"embeddable":true,"href":"https:\/\/medlegal.ca\/en\/wp-json\/wp\/v2\/pages\/1741"}],"wp:attachment":[{"href":"https:\/\/medlegal.ca\/en\/wp-json\/wp\/v2\/media?parent=1748"}],"curies":[{"name":"wp","href":"https:\/\/api.w.org\/{rel}","templated":true}]}}