{"id":1761,"date":"2020-02-12T21:30:28","date_gmt":"2020-02-12T21:30:28","guid":{"rendered":"https:\/\/medlegal.ca\/le-cabinet\/julie-belisle\/"},"modified":"2020-06-05T18:40:39","modified_gmt":"2020-06-05T18:40:39","slug":"julie-belisle","status":"publish","type":"page","link":"https:\/\/medlegal.ca\/en\/our-firm\/julie-belisle\/","title":{"rendered":"Julie B\u00e9lisle"},"content":{"rendered":"\t\t<div data-elementor-type=\"wp-page\" data-elementor-id=\"1761\" class=\"elementor elementor-1761 elementor-305\" data-elementor-post-type=\"page\">\n\t\t\t\t\t\t<section class=\"elementor-section elementor-top-section elementor-element elementor-element-2a02b4e elementor-section-height-min-height img_haut_page elementor-section-boxed elementor-section-height-default elementor-section-items-middle elementor-invisible\" data-id=\"2a02b4e\" data-element_type=\"section\" data-settings=\"{&quot;jet_parallax_layout_list&quot;:[{&quot;jet_parallax_layout_image&quot;:{&quot;url&quot;:&quot;&quot;,&quot;id&quot;:&quot;&quot;,&quot;size&quot;:&quot;&quot;},&quot;_id&quot;:&quot;cb595d5&quot;,&quot;jet_parallax_layout_image_tablet&quot;:{&quot;url&quot;:&quot;&quot;,&quot;id&quot;:&quot;&quot;,&quot;size&quot;:&quot;&quot;},&quot;jet_parallax_layout_image_mobile&quot;:{&quot;url&quot;:&quot;&quot;,&quot;id&quot;:&quot;&quot;,&quot;size&quot;:&quot;&quot;},&quot;jet_parallax_layout_speed&quot;:{&quot;unit&quot;:&quot;%&quot;,&quot;size&quot;:50,&quot;sizes&quot;:[]},&quot;jet_parallax_layout_type&quot;:&quot;scroll&quot;,&quot;jet_parallax_layout_direction&quot;:&quot;1&quot;,&quot;jet_parallax_layout_fx_direction&quot;:null,&quot;jet_parallax_layout_z_index&quot;:&quot;&quot;,&quot;jet_parallax_layout_bg_x&quot;:50,&quot;jet_parallax_layout_bg_y&quot;:50,&quot;jet_parallax_layout_bg_size&quot;:&quot;auto&quot;,&quot;jet_parallax_layout_animation_prop&quot;:&quot;transform&quot;,&quot;jet_parallax_layout_on&quot;:[&quot;desktop&quot;,&quot;tablet&quot;],&quot;jet_parallax_layout_bg_x_tablet&quot;:&quot;&quot;,&quot;jet_parallax_layout_bg_x_mobile&quot;:&quot;&quot;,&quot;jet_parallax_layout_bg_y_tablet&quot;:&quot;&quot;,&quot;jet_parallax_layout_bg_y_mobile&quot;:&quot;&quot;,&quot;jet_parallax_layout_bg_size_tablet&quot;:&quot;&quot;,&quot;jet_parallax_layout_bg_size_mobile&quot;:&quot;&quot;}],&quot;background_background&quot;:&quot;classic&quot;,&quot;animation&quot;:&quot;fadeInDown&quot;}\">\n\t\t\t\t\t\t<div class=\"elementor-container elementor-column-gap-default\">\n\t\t\t\t\t<div class=\"elementor-column elementor-col-100 elementor-top-column elementor-element elementor-element-6d9e831\" data-id=\"6d9e831\" data-element_type=\"column\">\n\t\t\t<div class=\"elementor-widget-wrap elementor-element-populated\">\n\t\t\t\t\t\t<section class=\"elementor-section elementor-inner-section elementor-element elementor-element-6084764 elementor-section-boxed elementor-section-height-default elementor-section-height-default\" data-id=\"6084764\" data-element_type=\"section\" data-settings=\"{&quot;jet_parallax_layout_list&quot;:[{&quot;jet_parallax_layout_image&quot;:{&quot;url&quot;:&quot;&quot;,&quot;id&quot;:&quot;&quot;,&quot;size&quot;:&quot;&quot;},&quot;_id&quot;:&quot;8dffd31&quot;,&quot;jet_parallax_layout_image_tablet&quot;:{&quot;url&quot;:&quot;&quot;,&quot;id&quot;:&quot;&quot;,&quot;size&quot;:&quot;&quot;},&quot;jet_parallax_layout_image_mobile&quot;:{&quot;url&quot;:&quot;&quot;,&quot;id&quot;:&quot;&quot;,&quot;size&quot;:&quot;&quot;},&quot;jet_parallax_layout_speed&quot;:{&quot;unit&quot;:&quot;%&quot;,&quot;size&quot;:50,&quot;sizes&quot;:[]},&quot;jet_parallax_layout_type&quot;:&quot;scroll&quot;,&quot;jet_parallax_layout_direction&quot;:&quot;1&quot;,&quot;jet_parallax_layout_fx_direction&quot;:null,&quot;jet_parallax_layout_z_index&quot;:&quot;&quot;,&quot;jet_parallax_layout_bg_x&quot;:50,&quot;jet_parallax_layout_bg_y&quot;:50,&quot;jet_parallax_layout_bg_size&quot;:&quot;auto&quot;,&quot;jet_parallax_layout_animation_prop&quot;:&quot;transform&quot;,&quot;jet_parallax_layout_on&quot;:[&quot;desktop&quot;,&quot;tablet&quot;],&quot;jet_parallax_layout_bg_x_tablet&quot;:&quot;&quot;,&quot;jet_parallax_layout_bg_x_mobile&quot;:&quot;&quot;,&quot;jet_parallax_layout_bg_y_tablet&quot;:&quot;&quot;,&quot;jet_parallax_layout_bg_y_mobile&quot;:&quot;&quot;,&quot;jet_parallax_layout_bg_size_tablet&quot;:&quot;&quot;,&quot;jet_parallax_layout_bg_size_mobile&quot;:&quot;&quot;}]}\">\n\t\t\t\t\t\t<div class=\"elementor-container elementor-column-gap-default\">\n\t\t\t\t\t<div class=\"elementor-column elementor-col-100 elementor-inner-column elementor-element elementor-element-2cabce4\" data-id=\"2cabce4\" data-element_type=\"column\">\n\t\t\t<div class=\"elementor-widget-wrap elementor-element-populated\">\n\t\t\t\t\t\t<div class=\"elementor-element elementor-element-66ecfc5 elementor-widget elementor-widget-heading\" data-id=\"66ecfc5\" data-element_type=\"widget\" data-widget_type=\"heading.default\">\n\t\t\t\t<div class=\"elementor-widget-container\">\n\t\t\t\t\t<h1 class=\"elementor-heading-title elementor-size-default\">Julie B\u00e9lisle<\/h1>\t\t\t\t<\/div>\n\t\t\t\t<\/div>\n\t\t\t\t<div class=\"elementor-element elementor-element-a1ecdbe elementor-widget elementor-widget-heading\" data-id=\"a1ecdbe\" data-element_type=\"widget\" data-widget_type=\"heading.default\">\n\t\t\t\t<div class=\"elementor-widget-container\">\n\t\t\t\t\t<h2 class=\"elementor-heading-title elementor-size-default\">Partner<\/h2>\t\t\t\t<\/div>\n\t\t\t\t<\/div>\n\t\t\t\t\t<\/div>\n\t\t<\/div>\n\t\t\t\t\t<\/div>\n\t\t<\/section>\n\t\t\t\t\t<\/div>\n\t\t<\/div>\n\t\t\t\t\t<\/div>\n\t\t<\/section>\n\t\t\t\t<section class=\"elementor-section elementor-top-section elementor-element elementor-element-9b195f3 elementor-section-boxed elementor-section-height-default elementor-section-height-default\" data-id=\"9b195f3\" data-element_type=\"section\" data-settings=\"{&quot;jet_parallax_layout_list&quot;:[{&quot;jet_parallax_layout_image&quot;:{&quot;url&quot;:&quot;&quot;,&quot;id&quot;:&quot;&quot;,&quot;size&quot;:&quot;&quot;},&quot;_id&quot;:&quot;7299ba2&quot;,&quot;jet_parallax_layout_image_tablet&quot;:{&quot;url&quot;:&quot;&quot;,&quot;id&quot;:&quot;&quot;,&quot;size&quot;:&quot;&quot;},&quot;jet_parallax_layout_image_mobile&quot;:{&quot;url&quot;:&quot;&quot;,&quot;id&quot;:&quot;&quot;,&quot;size&quot;:&quot;&quot;},&quot;jet_parallax_layout_speed&quot;:{&quot;unit&quot;:&quot;%&quot;,&quot;size&quot;:50,&quot;sizes&quot;:[]},&quot;jet_parallax_layout_type&quot;:&quot;scroll&quot;,&quot;jet_parallax_layout_direction&quot;:&quot;1&quot;,&quot;jet_parallax_layout_fx_direction&quot;:null,&quot;jet_parallax_layout_z_index&quot;:&quot;&quot;,&quot;jet_parallax_layout_bg_x&quot;:50,&quot;jet_parallax_layout_bg_y&quot;:50,&quot;jet_parallax_layout_bg_size&quot;:&quot;auto&quot;,&quot;jet_parallax_layout_animation_prop&quot;:&quot;transform&quot;,&quot;jet_parallax_layout_on&quot;:[&quot;desktop&quot;,&quot;tablet&quot;],&quot;jet_parallax_layout_bg_x_tablet&quot;:&quot;&quot;,&quot;jet_parallax_layout_bg_x_mobile&quot;:&quot;&quot;,&quot;jet_parallax_layout_bg_y_tablet&quot;:&quot;&quot;,&quot;jet_parallax_layout_bg_y_mobile&quot;:&quot;&quot;,&quot;jet_parallax_layout_bg_size_tablet&quot;:&quot;&quot;,&quot;jet_parallax_layout_bg_size_mobile&quot;:&quot;&quot;}],&quot;background_background&quot;:&quot;classic&quot;}\">\n\t\t\t\t\t\t\t<div class=\"elementor-background-overlay\"><\/div>\n\t\t\t\t\t\t\t<div class=\"elementor-container elementor-column-gap-default\">\n\t\t\t\t\t<div class=\"elementor-column elementor-col-100 elementor-top-column elementor-element elementor-element-ebfd3e2\" data-id=\"ebfd3e2\" data-element_type=\"column\">\n\t\t\t<div class=\"elementor-widget-wrap elementor-element-populated\">\n\t\t\t\t\t\t<section class=\"elementor-section elementor-inner-section elementor-element elementor-element-38cb569 elementor-section-boxed elementor-section-height-default elementor-section-height-default\" data-id=\"38cb569\" data-element_type=\"section\" data-settings=\"{&quot;jet_parallax_layout_list&quot;:[{&quot;jet_parallax_layout_image&quot;:{&quot;url&quot;:&quot;&quot;,&quot;id&quot;:&quot;&quot;,&quot;size&quot;:&quot;&quot;},&quot;_id&quot;:&quot;282d044&quot;,&quot;jet_parallax_layout_image_tablet&quot;:{&quot;url&quot;:&quot;&quot;,&quot;id&quot;:&quot;&quot;,&quot;size&quot;:&quot;&quot;},&quot;jet_parallax_layout_image_mobile&quot;:{&quot;url&quot;:&quot;&quot;,&quot;id&quot;:&quot;&quot;,&quot;size&quot;:&quot;&quot;},&quot;jet_parallax_layout_speed&quot;:{&quot;unit&quot;:&quot;%&quot;,&quot;size&quot;:50,&quot;sizes&quot;:[]},&quot;jet_parallax_layout_type&quot;:&quot;scroll&quot;,&quot;jet_parallax_layout_direction&quot;:&quot;1&quot;,&quot;jet_parallax_layout_fx_direction&quot;:null,&quot;jet_parallax_layout_z_index&quot;:&quot;&quot;,&quot;jet_parallax_layout_bg_x&quot;:50,&quot;jet_parallax_layout_bg_y&quot;:50,&quot;jet_parallax_layout_bg_size&quot;:&quot;auto&quot;,&quot;jet_parallax_layout_animation_prop&quot;:&quot;transform&quot;,&quot;jet_parallax_layout_on&quot;:[&quot;desktop&quot;,&quot;tablet&quot;],&quot;jet_parallax_layout_bg_x_tablet&quot;:&quot;&quot;,&quot;jet_parallax_layout_bg_x_mobile&quot;:&quot;&quot;,&quot;jet_parallax_layout_bg_y_tablet&quot;:&quot;&quot;,&quot;jet_parallax_layout_bg_y_mobile&quot;:&quot;&quot;,&quot;jet_parallax_layout_bg_size_tablet&quot;:&quot;&quot;,&quot;jet_parallax_layout_bg_size_mobile&quot;:&quot;&quot;}],&quot;background_background&quot;:&quot;classic&quot;}\">\n\t\t\t\t\t\t<div class=\"elementor-container elementor-column-gap-no\">\n\t\t\t\t\t<div class=\"jet-sticky-column elementor-column elementor-col-50 elementor-inner-column elementor-element elementor-element-2fc72df\" data-jet-settings=\"{&quot;id&quot;:&quot;2fc72df&quot;,&quot;sticky&quot;:true,&quot;topSpacing&quot;:50,&quot;bottomSpacing&quot;:50,&quot;stickyOn&quot;:[&quot;desktop&quot;],&quot;behavior&quot;:&quot;default&quot;,&quot;zIndex&quot;:1100}\" data-id=\"2fc72df\" data-element_type=\"column\">\n\t\t\t<div class=\"elementor-widget-wrap elementor-element-populated\">\n\t\t\t\t\t\t<div class=\"elementor-element elementor-element-be880f5 elementor-widget elementor-widget-image\" data-id=\"be880f5\" data-element_type=\"widget\" data-widget_type=\"image.default\">\n\t\t\t\t<div class=\"elementor-widget-container\">\n\t\t\t\t\t\t\t\t\t\t\t\t\t\t\t<img fetchpriority=\"high\" decoding=\"async\" width=\"560\" height=\"970\" src=\"https:\/\/medlegal.ca\/wp-content\/uploads\/2020\/02\/julie-belisle.jpg\" class=\"attachment-full size-full wp-image-366\" alt=\"\" srcset=\"https:\/\/medlegal.ca\/wp-content\/uploads\/2020\/02\/julie-belisle.jpg 560w, https:\/\/medlegal.ca\/wp-content\/uploads\/2020\/02\/julie-belisle-173x300.jpg 173w\" sizes=\"(max-width: 560px) 100vw, 560px\" \/>\t\t\t\t\t\t\t\t\t\t\t\t\t\t\t<\/div>\n\t\t\t\t<\/div>\n\t\t\t\t\t<\/div>\n\t\t<\/div>\n\t\t\t\t<div class=\"elementor-column elementor-col-50 elementor-inner-column elementor-element elementor-element-9ac1301\" data-id=\"9ac1301\" data-element_type=\"column\">\n\t\t\t<div class=\"elementor-widget-wrap elementor-element-populated\">\n\t\t\t\t\t\t<div class=\"elementor-element elementor-element-7ebe889 elementor-widget elementor-widget-text-editor\" data-id=\"7ebe889\" data-element_type=\"widget\" data-widget_type=\"text-editor.default\">\n\t\t\t\t<div class=\"elementor-widget-container\">\n\t\t\t\t\t\t\t\t\t<p>Me Julie B\u00e9lisle holds a Bachelor of Law (LL.B., 2010), as well as a master\u2019s in Law and Health Policy (LL.M., 2016) awarded by the University of Sherbrooke. As part of her studies, she was awarded the \u201cPrix du Barreau du Qu\u00e9bec\u201d, the \u201cPrix du Fonds Ch\u00e9nier-Picard\u201d, as well as a scholarship from the continuing education program in \u00a0\u201cdroit et politiques de la sant\u00e9 des Instituts de recherche en sant\u00e9 du Canada (IRSC)\u201d.<\/p><p>In 2013, she was admitted to the law profession with the Barreau du Qu\u00e9bec after completing her internship in an international firm specialized in litigation, business law, intellectual property, and labour and employment law. She then joined the M\u00e9nard Martin Avocats firm in 2013, where she developed a great affection for the defence of users of the health care system, victims of medical errors. From that moment, Me B\u00e9lisle concentrated all of her practice in medical and hospital liability, health law and personal injury. She also practises in disability and accident insurance, as well as in legal psychiatry and in protective supervision of persons or for the homologation of protective mandates.<\/p><p>In order to improve her knowledge in pleading and questioning witnesses, Me B\u00e9lisle participated in the intensive continuing education week entitled Seminar on advocacy techniques with the Barreau du Qu\u00e9bec.<\/p><p>Ms. B\u00e9lisle is also a lecturer at the University of Montr\u00e9al, where she communicates her passion for health law. She is also called upon to give lectures or to collaborate in the writing of reference books.\u00a0<\/p><p><strong><span style=\"text-decoration: underline;\">Contact information :<\/span><\/strong><\/p><p><a href=\"mailto:jbelisle@medlegal.ca\" target=\"_blank\" rel=\"noopener\" data-behavior=\"truncate\">jbelisle@medlegal.ca<\/a><\/p><p><a href=\"tel:+15145035644\">514-503-5644<\/a> poste 2<\/p>\t\t\t\t\t\t\t\t<\/div>\n\t\t\t\t<\/div>\n\t\t\t\t\t<\/div>\n\t\t<\/div>\n\t\t\t\t\t<\/div>\n\t\t<\/section>\n\t\t\t\t\t<\/div>\n\t\t<\/div>\n\t\t\t\t\t<\/div>\n\t\t<\/section>\n\t\t\t\t<\/div>\n\t\t","protected":false},"excerpt":{"rendered":"<p>Julie B\u00e9lisle Partner Me Julie B\u00e9lisle holds a Bachelor of Law (LL.B., 2010), as well as a master\u2019s in Law and Health Policy (LL.M., 2016) awarded by the University of Sherbrooke. As part of her studies, she was awarded the \u201cPrix du Barreau du Qu\u00e9bec\u201d, the \u201cPrix du Fonds Ch\u00e9nier-Picard\u201d, as well as a scholarship [&hellip;]<\/p>\n","protected":false},"author":1,"featured_media":0,"parent":1741,"menu_order":0,"comment_status":"closed","ping_status":"closed","template":"elementor_header_footer","meta":{"_acf_changed":false,"footnotes":""},"class_list":["post-1761","page","type-page","status-publish","hentry"],"acf":[],"yoast_head":"<!-- This site is optimized with the Yoast SEO plugin v26.8 - https:\/\/yoast.com\/product\/yoast-seo-wordpress\/ -->\n<title>Julie B\u00e9lisle - MedL\u00e9gal<\/title>\n<meta name=\"robots\" content=\"index, follow, max-snippet:-1, max-image-preview:large, max-video-preview:-1\" \/>\n<link rel=\"canonical\" href=\"https:\/\/medlegal.ca\/en\/our-firm\/julie-belisle\/\" \/>\n<meta property=\"og:locale\" content=\"en_US\" \/>\n<meta property=\"og:type\" content=\"article\" \/>\n<meta property=\"og:title\" content=\"Julie B\u00e9lisle - MedL\u00e9gal\" \/>\n<meta property=\"og:description\" content=\"Julie B\u00e9lisle Partner Me Julie B\u00e9lisle holds a Bachelor of Law (LL.B., 2010), as well as a master\u2019s in Law and Health Policy (LL.M., 2016) awarded by the University of Sherbrooke. As part of her studies, she was awarded the \u201cPrix du Barreau du Qu\u00e9bec\u201d, the \u201cPrix du Fonds Ch\u00e9nier-Picard\u201d, as well as a scholarship [&hellip;]\" \/>\n<meta property=\"og:url\" content=\"https:\/\/medlegal.ca\/en\/our-firm\/julie-belisle\/\" \/>\n<meta property=\"og:site_name\" content=\"MedL\u00e9gal\" \/>\n<meta property=\"article:modified_time\" content=\"2020-06-05T18:40:39+00:00\" \/>\n<meta property=\"og:image\" content=\"https:\/\/medlegal.ca\/wp-content\/uploads\/2020\/02\/julie-belisle.jpg\" \/>\n<meta name=\"twitter:card\" content=\"summary_large_image\" \/>\n<meta name=\"twitter:label1\" content=\"Est. reading time\" \/>\n\t<meta name=\"twitter:data1\" content=\"1 minute\" \/>\n<!-- \/ Yoast SEO plugin. -->","yoast_head_json":{"title":"Julie B\u00e9lisle - MedL\u00e9gal","robots":{"index":"index","follow":"follow","max-snippet":"max-snippet:-1","max-image-preview":"max-image-preview:large","max-video-preview":"max-video-preview:-1"},"canonical":"https:\/\/medlegal.ca\/en\/our-firm\/julie-belisle\/","og_locale":"en_US","og_type":"article","og_title":"Julie B\u00e9lisle - MedL\u00e9gal","og_description":"Julie B\u00e9lisle Partner Me Julie B\u00e9lisle holds a Bachelor of Law (LL.B., 2010), as well as a master\u2019s in Law and Health Policy (LL.M., 2016) awarded by the University of Sherbrooke. As part of her studies, she was awarded the \u201cPrix du Barreau du Qu\u00e9bec\u201d, the \u201cPrix du Fonds Ch\u00e9nier-Picard\u201d, as well as a scholarship [&hellip;]","og_url":"https:\/\/medlegal.ca\/en\/our-firm\/julie-belisle\/","og_site_name":"MedL\u00e9gal","article_modified_time":"2020-06-05T18:40:39+00:00","og_image":[{"url":"https:\/\/medlegal.ca\/wp-content\/uploads\/2020\/02\/julie-belisle.jpg","type":"","width":"","height":""}],"twitter_card":"summary_large_image","twitter_misc":{"Est. reading time":"1 minute"},"schema":{"@context":"https:\/\/schema.org","@graph":[{"@type":"WebPage","@id":"https:\/\/medlegal.ca\/en\/our-firm\/julie-belisle\/","url":"https:\/\/medlegal.ca\/en\/our-firm\/julie-belisle\/","name":"Julie B\u00e9lisle - MedL\u00e9gal","isPartOf":{"@id":"https:\/\/medlegal.ca\/en\/#website"},"primaryImageOfPage":{"@id":"https:\/\/medlegal.ca\/en\/our-firm\/julie-belisle\/#primaryimage"},"image":{"@id":"https:\/\/medlegal.ca\/en\/our-firm\/julie-belisle\/#primaryimage"},"thumbnailUrl":"https:\/\/medlegal.ca\/wp-content\/uploads\/2020\/02\/julie-belisle.jpg","datePublished":"2020-02-12T21:30:28+00:00","dateModified":"2020-06-05T18:40:39+00:00","breadcrumb":{"@id":"https:\/\/medlegal.ca\/en\/our-firm\/julie-belisle\/#breadcrumb"},"inLanguage":"en-CA","potentialAction":[{"@type":"ReadAction","target":["https:\/\/medlegal.ca\/en\/our-firm\/julie-belisle\/"]}]},{"@type":"ImageObject","inLanguage":"en-CA","@id":"https:\/\/medlegal.ca\/en\/our-firm\/julie-belisle\/#primaryimage","url":"https:\/\/medlegal.ca\/wp-content\/uploads\/2020\/02\/julie-belisle.jpg","contentUrl":"https:\/\/medlegal.ca\/wp-content\/uploads\/2020\/02\/julie-belisle.jpg"},{"@type":"BreadcrumbList","@id":"https:\/\/medlegal.ca\/en\/our-firm\/julie-belisle\/#breadcrumb","itemListElement":[{"@type":"ListItem","position":1,"name":"Accueil","item":"https:\/\/medlegal.ca\/en\/"},{"@type":"ListItem","position":2,"name":"Our firm","item":"https:\/\/medlegal.ca\/en\/our-firm\/"},{"@type":"ListItem","position":3,"name":"Julie B\u00e9lisle"}]},{"@type":"WebSite","@id":"https:\/\/medlegal.ca\/en\/#website","url":"https:\/\/medlegal.ca\/en\/","name":"MedL\u00e9gal","description":"Avocats","publisher":{"@id":"https:\/\/medlegal.ca\/en\/#organization"},"potentialAction":[{"@type":"SearchAction","target":{"@type":"EntryPoint","urlTemplate":"https:\/\/medlegal.ca\/en\/?s={search_term_string}"},"query-input":{"@type":"PropertyValueSpecification","valueRequired":true,"valueName":"search_term_string"}}],"inLanguage":"en-CA"},{"@type":"Organization","@id":"https:\/\/medlegal.ca\/en\/#organization","name":"MedL\u00e9gal","url":"https:\/\/medlegal.ca\/en\/","logo":{"@type":"ImageObject","inLanguage":"en-CA","@id":"https:\/\/medlegal.ca\/en\/#\/schema\/logo\/image\/","url":"https:\/\/medlegal.ca\/wp-content\/uploads\/2019\/10\/logo-MedLegal.jpg","contentUrl":"https:\/\/medlegal.ca\/wp-content\/uploads\/2019\/10\/logo-MedLegal.jpg","width":1588,"height":525,"caption":"MedL\u00e9gal"},"image":{"@id":"https:\/\/medlegal.ca\/en\/#\/schema\/logo\/image\/"}}]}},"_links":{"self":[{"href":"https:\/\/medlegal.ca\/en\/wp-json\/wp\/v2\/pages\/1761","targetHints":{"allow":["GET"]}}],"collection":[{"href":"https:\/\/medlegal.ca\/en\/wp-json\/wp\/v2\/pages"}],"about":[{"href":"https:\/\/medlegal.ca\/en\/wp-json\/wp\/v2\/types\/page"}],"author":[{"embeddable":true,"href":"https:\/\/medlegal.ca\/en\/wp-json\/wp\/v2\/users\/1"}],"replies":[{"embeddable":true,"href":"https:\/\/medlegal.ca\/en\/wp-json\/wp\/v2\/comments?post=1761"}],"version-history":[{"count":4,"href":"https:\/\/medlegal.ca\/en\/wp-json\/wp\/v2\/pages\/1761\/revisions"}],"predecessor-version":[{"id":2095,"href":"https:\/\/medlegal.ca\/en\/wp-json\/wp\/v2\/pages\/1761\/revisions\/2095"}],"up":[{"embeddable":true,"href":"https:\/\/medlegal.ca\/en\/wp-json\/wp\/v2\/pages\/1741"}],"wp:attachment":[{"href":"https:\/\/medlegal.ca\/en\/wp-json\/wp\/v2\/media?parent=1761"}],"curies":[{"name":"wp","href":"https:\/\/api.w.org\/{rel}","templated":true}]}}