{"id":1767,"date":"2020-02-12T21:31:28","date_gmt":"2020-02-12T21:31:28","guid":{"rendered":"https:\/\/medlegal.ca\/le-cabinet\/kim-luan-ferre-deslongchamps\/"},"modified":"2020-06-05T18:36:31","modified_gmt":"2020-06-05T18:36:31","slug":"kim-luan-ferre-deslongchamps","status":"publish","type":"page","link":"https:\/\/medlegal.ca\/en\/our-firm\/kim-luan-ferre-deslongchamps\/","title":{"rendered":"Kim Luan Ferr\u00e9 Deslongchamps"},"content":{"rendered":"\t\t<div data-elementor-type=\"wp-page\" data-elementor-id=\"1767\" class=\"elementor elementor-1767 elementor-307\" data-elementor-post-type=\"page\">\n\t\t\t\t\t\t<section class=\"elementor-section elementor-top-section elementor-element elementor-element-96a9549 elementor-section-height-min-height img_haut_page elementor-section-boxed elementor-section-height-default elementor-section-items-middle elementor-invisible\" data-id=\"96a9549\" data-element_type=\"section\" data-settings=\"{&quot;jet_parallax_layout_list&quot;:[{&quot;jet_parallax_layout_image&quot;:{&quot;url&quot;:&quot;&quot;,&quot;id&quot;:&quot;&quot;,&quot;size&quot;:&quot;&quot;},&quot;_id&quot;:&quot;cb595d5&quot;,&quot;jet_parallax_layout_image_tablet&quot;:{&quot;url&quot;:&quot;&quot;,&quot;id&quot;:&quot;&quot;,&quot;size&quot;:&quot;&quot;},&quot;jet_parallax_layout_image_mobile&quot;:{&quot;url&quot;:&quot;&quot;,&quot;id&quot;:&quot;&quot;,&quot;size&quot;:&quot;&quot;},&quot;jet_parallax_layout_speed&quot;:{&quot;unit&quot;:&quot;%&quot;,&quot;size&quot;:50,&quot;sizes&quot;:[]},&quot;jet_parallax_layout_type&quot;:&quot;scroll&quot;,&quot;jet_parallax_layout_direction&quot;:&quot;1&quot;,&quot;jet_parallax_layout_fx_direction&quot;:null,&quot;jet_parallax_layout_z_index&quot;:&quot;&quot;,&quot;jet_parallax_layout_bg_x&quot;:50,&quot;jet_parallax_layout_bg_y&quot;:50,&quot;jet_parallax_layout_bg_size&quot;:&quot;auto&quot;,&quot;jet_parallax_layout_animation_prop&quot;:&quot;transform&quot;,&quot;jet_parallax_layout_on&quot;:[&quot;desktop&quot;,&quot;tablet&quot;],&quot;jet_parallax_layout_bg_x_tablet&quot;:&quot;&quot;,&quot;jet_parallax_layout_bg_x_mobile&quot;:&quot;&quot;,&quot;jet_parallax_layout_bg_y_tablet&quot;:&quot;&quot;,&quot;jet_parallax_layout_bg_y_mobile&quot;:&quot;&quot;,&quot;jet_parallax_layout_bg_size_tablet&quot;:&quot;&quot;,&quot;jet_parallax_layout_bg_size_mobile&quot;:&quot;&quot;}],&quot;background_background&quot;:&quot;classic&quot;,&quot;animation&quot;:&quot;fadeInDown&quot;}\">\n\t\t\t\t\t\t<div class=\"elementor-container elementor-column-gap-default\">\n\t\t\t\t\t<div class=\"elementor-column elementor-col-100 elementor-top-column elementor-element elementor-element-ee5ad86\" data-id=\"ee5ad86\" data-element_type=\"column\">\n\t\t\t<div class=\"elementor-widget-wrap elementor-element-populated\">\n\t\t\t\t\t\t<section class=\"elementor-section elementor-inner-section elementor-element elementor-element-a968c7a elementor-section-boxed elementor-section-height-default elementor-section-height-default\" data-id=\"a968c7a\" data-element_type=\"section\" data-settings=\"{&quot;jet_parallax_layout_list&quot;:[{&quot;jet_parallax_layout_image&quot;:{&quot;url&quot;:&quot;&quot;,&quot;id&quot;:&quot;&quot;,&quot;size&quot;:&quot;&quot;},&quot;_id&quot;:&quot;8dffd31&quot;,&quot;jet_parallax_layout_image_tablet&quot;:{&quot;url&quot;:&quot;&quot;,&quot;id&quot;:&quot;&quot;,&quot;size&quot;:&quot;&quot;},&quot;jet_parallax_layout_image_mobile&quot;:{&quot;url&quot;:&quot;&quot;,&quot;id&quot;:&quot;&quot;,&quot;size&quot;:&quot;&quot;},&quot;jet_parallax_layout_speed&quot;:{&quot;unit&quot;:&quot;%&quot;,&quot;size&quot;:50,&quot;sizes&quot;:[]},&quot;jet_parallax_layout_type&quot;:&quot;scroll&quot;,&quot;jet_parallax_layout_direction&quot;:&quot;1&quot;,&quot;jet_parallax_layout_fx_direction&quot;:null,&quot;jet_parallax_layout_z_index&quot;:&quot;&quot;,&quot;jet_parallax_layout_bg_x&quot;:50,&quot;jet_parallax_layout_bg_y&quot;:50,&quot;jet_parallax_layout_bg_size&quot;:&quot;auto&quot;,&quot;jet_parallax_layout_animation_prop&quot;:&quot;transform&quot;,&quot;jet_parallax_layout_on&quot;:[&quot;desktop&quot;,&quot;tablet&quot;],&quot;jet_parallax_layout_bg_x_tablet&quot;:&quot;&quot;,&quot;jet_parallax_layout_bg_x_mobile&quot;:&quot;&quot;,&quot;jet_parallax_layout_bg_y_tablet&quot;:&quot;&quot;,&quot;jet_parallax_layout_bg_y_mobile&quot;:&quot;&quot;,&quot;jet_parallax_layout_bg_size_tablet&quot;:&quot;&quot;,&quot;jet_parallax_layout_bg_size_mobile&quot;:&quot;&quot;}]}\">\n\t\t\t\t\t\t<div class=\"elementor-container elementor-column-gap-default\">\n\t\t\t\t\t<div class=\"elementor-column elementor-col-100 elementor-inner-column elementor-element elementor-element-5faa9c3\" data-id=\"5faa9c3\" data-element_type=\"column\">\n\t\t\t<div class=\"elementor-widget-wrap elementor-element-populated\">\n\t\t\t\t\t\t<div class=\"elementor-element elementor-element-7419dd0 elementor-widget elementor-widget-heading\" data-id=\"7419dd0\" data-element_type=\"widget\" data-widget_type=\"heading.default\">\n\t\t\t\t<div class=\"elementor-widget-container\">\n\t\t\t\t\t<h1 class=\"elementor-heading-title elementor-size-default\">Kim Luan Ferr\u00e9 Deslongchamps<\/h1>\t\t\t\t<\/div>\n\t\t\t\t<\/div>\n\t\t\t\t<div class=\"elementor-element elementor-element-dacaa64 elementor-widget elementor-widget-heading\" data-id=\"dacaa64\" data-element_type=\"widget\" data-widget_type=\"heading.default\">\n\t\t\t\t<div class=\"elementor-widget-container\">\n\t\t\t\t\t<h2 class=\"elementor-heading-title elementor-size-default\">Partner<\/h2>\t\t\t\t<\/div>\n\t\t\t\t<\/div>\n\t\t\t\t\t<\/div>\n\t\t<\/div>\n\t\t\t\t\t<\/div>\n\t\t<\/section>\n\t\t\t\t\t<\/div>\n\t\t<\/div>\n\t\t\t\t\t<\/div>\n\t\t<\/section>\n\t\t\t\t<section class=\"elementor-section elementor-top-section elementor-element elementor-element-bb23b20 elementor-section-boxed elementor-section-height-default elementor-section-height-default\" data-id=\"bb23b20\" data-element_type=\"section\" data-settings=\"{&quot;jet_parallax_layout_list&quot;:[{&quot;jet_parallax_layout_image&quot;:{&quot;url&quot;:&quot;&quot;,&quot;id&quot;:&quot;&quot;,&quot;size&quot;:&quot;&quot;},&quot;_id&quot;:&quot;7299ba2&quot;,&quot;jet_parallax_layout_image_tablet&quot;:{&quot;url&quot;:&quot;&quot;,&quot;id&quot;:&quot;&quot;,&quot;size&quot;:&quot;&quot;},&quot;jet_parallax_layout_image_mobile&quot;:{&quot;url&quot;:&quot;&quot;,&quot;id&quot;:&quot;&quot;,&quot;size&quot;:&quot;&quot;},&quot;jet_parallax_layout_speed&quot;:{&quot;unit&quot;:&quot;%&quot;,&quot;size&quot;:50,&quot;sizes&quot;:[]},&quot;jet_parallax_layout_type&quot;:&quot;scroll&quot;,&quot;jet_parallax_layout_direction&quot;:&quot;1&quot;,&quot;jet_parallax_layout_fx_direction&quot;:null,&quot;jet_parallax_layout_z_index&quot;:&quot;&quot;,&quot;jet_parallax_layout_bg_x&quot;:50,&quot;jet_parallax_layout_bg_y&quot;:50,&quot;jet_parallax_layout_bg_size&quot;:&quot;auto&quot;,&quot;jet_parallax_layout_animation_prop&quot;:&quot;transform&quot;,&quot;jet_parallax_layout_on&quot;:[&quot;desktop&quot;,&quot;tablet&quot;],&quot;jet_parallax_layout_bg_x_tablet&quot;:&quot;&quot;,&quot;jet_parallax_layout_bg_x_mobile&quot;:&quot;&quot;,&quot;jet_parallax_layout_bg_y_tablet&quot;:&quot;&quot;,&quot;jet_parallax_layout_bg_y_mobile&quot;:&quot;&quot;,&quot;jet_parallax_layout_bg_size_tablet&quot;:&quot;&quot;,&quot;jet_parallax_layout_bg_size_mobile&quot;:&quot;&quot;}],&quot;background_background&quot;:&quot;classic&quot;}\">\n\t\t\t\t\t\t\t<div class=\"elementor-background-overlay\"><\/div>\n\t\t\t\t\t\t\t<div class=\"elementor-container elementor-column-gap-default\">\n\t\t\t\t\t<div class=\"elementor-column elementor-col-100 elementor-top-column elementor-element elementor-element-f71f652\" data-id=\"f71f652\" data-element_type=\"column\">\n\t\t\t<div class=\"elementor-widget-wrap elementor-element-populated\">\n\t\t\t\t\t\t<section class=\"elementor-section elementor-inner-section elementor-element elementor-element-44b9f61 elementor-section-boxed elementor-section-height-default elementor-section-height-default\" data-id=\"44b9f61\" data-element_type=\"section\" data-settings=\"{&quot;jet_parallax_layout_list&quot;:[{&quot;jet_parallax_layout_image&quot;:{&quot;url&quot;:&quot;&quot;,&quot;id&quot;:&quot;&quot;,&quot;size&quot;:&quot;&quot;},&quot;_id&quot;:&quot;282d044&quot;,&quot;jet_parallax_layout_image_tablet&quot;:{&quot;url&quot;:&quot;&quot;,&quot;id&quot;:&quot;&quot;,&quot;size&quot;:&quot;&quot;},&quot;jet_parallax_layout_image_mobile&quot;:{&quot;url&quot;:&quot;&quot;,&quot;id&quot;:&quot;&quot;,&quot;size&quot;:&quot;&quot;},&quot;jet_parallax_layout_speed&quot;:{&quot;unit&quot;:&quot;%&quot;,&quot;size&quot;:50,&quot;sizes&quot;:[]},&quot;jet_parallax_layout_type&quot;:&quot;scroll&quot;,&quot;jet_parallax_layout_direction&quot;:&quot;1&quot;,&quot;jet_parallax_layout_fx_direction&quot;:null,&quot;jet_parallax_layout_z_index&quot;:&quot;&quot;,&quot;jet_parallax_layout_bg_x&quot;:50,&quot;jet_parallax_layout_bg_y&quot;:50,&quot;jet_parallax_layout_bg_size&quot;:&quot;auto&quot;,&quot;jet_parallax_layout_animation_prop&quot;:&quot;transform&quot;,&quot;jet_parallax_layout_on&quot;:[&quot;desktop&quot;,&quot;tablet&quot;],&quot;jet_parallax_layout_bg_x_tablet&quot;:&quot;&quot;,&quot;jet_parallax_layout_bg_x_mobile&quot;:&quot;&quot;,&quot;jet_parallax_layout_bg_y_tablet&quot;:&quot;&quot;,&quot;jet_parallax_layout_bg_y_mobile&quot;:&quot;&quot;,&quot;jet_parallax_layout_bg_size_tablet&quot;:&quot;&quot;,&quot;jet_parallax_layout_bg_size_mobile&quot;:&quot;&quot;}],&quot;background_background&quot;:&quot;classic&quot;}\">\n\t\t\t\t\t\t<div class=\"elementor-container elementor-column-gap-no\">\n\t\t\t\t\t<div class=\"jet-sticky-column elementor-column elementor-col-50 elementor-inner-column elementor-element elementor-element-330a910\" data-jet-settings=\"{&quot;id&quot;:&quot;330a910&quot;,&quot;sticky&quot;:true,&quot;topSpacing&quot;:50,&quot;bottomSpacing&quot;:0,&quot;stickyOn&quot;:[&quot;desktop&quot;],&quot;behavior&quot;:&quot;default&quot;,&quot;zIndex&quot;:1100}\" data-id=\"330a910\" data-element_type=\"column\">\n\t\t\t<div class=\"elementor-widget-wrap elementor-element-populated\">\n\t\t\t\t\t\t<div class=\"elementor-element elementor-element-d364a34 elementor-widget elementor-widget-image\" data-id=\"d364a34\" data-element_type=\"widget\" data-widget_type=\"image.default\">\n\t\t\t\t<div class=\"elementor-widget-container\">\n\t\t\t\t\t\t\t\t\t\t\t\t\t\t\t<img fetchpriority=\"high\" decoding=\"async\" width=\"560\" height=\"970\" src=\"https:\/\/medlegal.ca\/wp-content\/uploads\/2020\/02\/kim-ferre-deslongchamps.jpg\" class=\"attachment-full size-full wp-image-370\" alt=\"\" srcset=\"https:\/\/medlegal.ca\/wp-content\/uploads\/2020\/02\/kim-ferre-deslongchamps.jpg 560w, https:\/\/medlegal.ca\/wp-content\/uploads\/2020\/02\/kim-ferre-deslongchamps-173x300.jpg 173w\" sizes=\"(max-width: 560px) 100vw, 560px\" \/>\t\t\t\t\t\t\t\t\t\t\t\t\t\t\t<\/div>\n\t\t\t\t<\/div>\n\t\t\t\t\t<\/div>\n\t\t<\/div>\n\t\t\t\t<div class=\"elementor-column elementor-col-50 elementor-inner-column elementor-element elementor-element-aa85609\" data-id=\"aa85609\" data-element_type=\"column\">\n\t\t\t<div class=\"elementor-widget-wrap elementor-element-populated\">\n\t\t\t\t\t\t<div class=\"elementor-element elementor-element-fe182e4 elementor-widget elementor-widget-text-editor\" data-id=\"fe182e4\" data-element_type=\"widget\" data-widget_type=\"text-editor.default\">\n\t\t\t\t<div class=\"elementor-widget-container\">\n\t\t\t\t\t\t\t\t\t<p>Me Ferr\u00e9 Deslongchamps has been a member of the Barreau du Qu\u00e9bec since 2012 and, in the same year, obtained a master\u2019s degree in health law and policy. Since then, her practice focuses on health law and the defence of the rights of users of the health care system. She works mainly in medical, hospital, dental and pharmaceutical liability, in addition to managing disability insurance cases.<\/p><p>In recent years, Me Ferr\u00e9 Deslongchamps has been called upon to act, for the applicant, in the context of major class actions in Qu\u00e9bec. For example, she was involved in the class action brought against the Centre hospitalier du Suro\u00eet in connection with the abuse of restraint and isolation measures.\u00a0 She was also involved in the class action brought against the Rivi\u00e8re-des-Prairies Hospital in connection with the mistreatment inflicted on users of the establishment as well as in the collective action \u00a0against the Public Health, the Ministry of Health and the Qu\u00e9bec Union Central, in connection with the outbreak of Legionellosis that occurred in Qu\u00e9bec in the summer of 2012.<\/p><p>Me Ferr\u00e9 Deslongchamps has also represented and advised various community organizations engaged in defending the rights of users of the health care system and vulnerable people.<\/p><p>In 2012 and 2013, Me Ferr\u00e9 Deslonchamps worked in concert with the committee of legal experts appointed by the Government of Qu\u00e9bec following the report of the Special Parliamentary Commission on the question of dying with dignity. As part of this mandate, she collaborated in the drafting of the report on the implementation of the legal framework for medical assistance in dying with dignity.<\/p><p>In 2016, she acted as an intervenor with the working group on the practice of aesthetic medicine set up by the Coll\u00e8ge des M\u00e9decins du Qu\u00e9bec. In particular, the working group was to define the aesthetic medicine activities that required the improvement or establishment of a framework aimed at ensuring public protection and suggesting the forms of supervision required.<\/p><p>For the past few years, Me Ferr\u00e9 Deslongchamps has provided training for students at the University of Montr\u00e9al in a mock trial in health law.<\/p><p><strong><span style=\"text-decoration: underline;\">Contact information :<\/span><\/strong><\/p><p><a href=\"mailto:kferre@medlegal.ca\" target=\"_blank\" rel=\"noopener\" data-behavior=\"truncate\">kferre@medlegal.ca<\/a><\/p><p><a href=\"tel:+15145035644\">514-503-5644<\/a> poste 3<\/p>\t\t\t\t\t\t\t\t<\/div>\n\t\t\t\t<\/div>\n\t\t\t\t\t<\/div>\n\t\t<\/div>\n\t\t\t\t\t<\/div>\n\t\t<\/section>\n\t\t\t\t\t<\/div>\n\t\t<\/div>\n\t\t\t\t\t<\/div>\n\t\t<\/section>\n\t\t\t\t<\/div>\n\t\t","protected":false},"excerpt":{"rendered":"<p>Kim Luan Ferr\u00e9 Deslongchamps Partner Me Ferr\u00e9 Deslongchamps has been a member of the Barreau du Qu\u00e9bec since 2012 and, in the same year, obtained a master\u2019s degree in health law and policy. Since then, her practice focuses on health law and the defence of the rights of users of the health care system. She [&hellip;]<\/p>\n","protected":false},"author":1,"featured_media":0,"parent":1741,"menu_order":0,"comment_status":"closed","ping_status":"closed","template":"elementor_header_footer","meta":{"_acf_changed":false,"footnotes":""},"class_list":["post-1767","page","type-page","status-publish","hentry"],"acf":[],"yoast_head":"<!-- This site is optimized with the Yoast SEO plugin v26.8 - https:\/\/yoast.com\/product\/yoast-seo-wordpress\/ -->\n<title>Kim Luan Ferr\u00e9 Deslongchamps - MedL\u00e9gal<\/title>\n<meta name=\"robots\" content=\"index, follow, max-snippet:-1, max-image-preview:large, max-video-preview:-1\" \/>\n<link rel=\"canonical\" href=\"https:\/\/medlegal.ca\/en\/our-firm\/kim-luan-ferre-deslongchamps\/\" \/>\n<meta property=\"og:locale\" content=\"en_US\" \/>\n<meta property=\"og:type\" content=\"article\" \/>\n<meta property=\"og:title\" content=\"Kim Luan Ferr\u00e9 Deslongchamps - MedL\u00e9gal\" \/>\n<meta property=\"og:description\" content=\"Kim Luan Ferr\u00e9 Deslongchamps Partner Me Ferr\u00e9 Deslongchamps has been a member of the Barreau du Qu\u00e9bec since 2012 and, in the same year, obtained a master\u2019s degree in health law and policy. Since then, her practice focuses on health law and the defence of the rights of users of the health care system. She [&hellip;]\" \/>\n<meta property=\"og:url\" content=\"https:\/\/medlegal.ca\/en\/our-firm\/kim-luan-ferre-deslongchamps\/\" \/>\n<meta property=\"og:site_name\" content=\"MedL\u00e9gal\" \/>\n<meta property=\"article:modified_time\" content=\"2020-06-05T18:36:31+00:00\" \/>\n<meta property=\"og:image\" content=\"https:\/\/medlegal.ca\/wp-content\/uploads\/2020\/02\/kim-ferre-deslongchamps.jpg\" \/>\n<meta name=\"twitter:card\" content=\"summary_large_image\" \/>\n<meta name=\"twitter:label1\" content=\"Est. reading time\" \/>\n\t<meta name=\"twitter:data1\" content=\"2 minutes\" \/>\n<!-- \/ Yoast SEO plugin. -->","yoast_head_json":{"title":"Kim Luan Ferr\u00e9 Deslongchamps - MedL\u00e9gal","robots":{"index":"index","follow":"follow","max-snippet":"max-snippet:-1","max-image-preview":"max-image-preview:large","max-video-preview":"max-video-preview:-1"},"canonical":"https:\/\/medlegal.ca\/en\/our-firm\/kim-luan-ferre-deslongchamps\/","og_locale":"en_US","og_type":"article","og_title":"Kim Luan Ferr\u00e9 Deslongchamps - MedL\u00e9gal","og_description":"Kim Luan Ferr\u00e9 Deslongchamps Partner Me Ferr\u00e9 Deslongchamps has been a member of the Barreau du Qu\u00e9bec since 2012 and, in the same year, obtained a master\u2019s degree in health law and policy. Since then, her practice focuses on health law and the defence of the rights of users of the health care system. She [&hellip;]","og_url":"https:\/\/medlegal.ca\/en\/our-firm\/kim-luan-ferre-deslongchamps\/","og_site_name":"MedL\u00e9gal","article_modified_time":"2020-06-05T18:36:31+00:00","og_image":[{"url":"https:\/\/medlegal.ca\/wp-content\/uploads\/2020\/02\/kim-ferre-deslongchamps.jpg","type":"","width":"","height":""}],"twitter_card":"summary_large_image","twitter_misc":{"Est. reading time":"2 minutes"},"schema":{"@context":"https:\/\/schema.org","@graph":[{"@type":"WebPage","@id":"https:\/\/medlegal.ca\/en\/our-firm\/kim-luan-ferre-deslongchamps\/","url":"https:\/\/medlegal.ca\/en\/our-firm\/kim-luan-ferre-deslongchamps\/","name":"Kim Luan Ferr\u00e9 Deslongchamps - MedL\u00e9gal","isPartOf":{"@id":"https:\/\/medlegal.ca\/en\/#website"},"primaryImageOfPage":{"@id":"https:\/\/medlegal.ca\/en\/our-firm\/kim-luan-ferre-deslongchamps\/#primaryimage"},"image":{"@id":"https:\/\/medlegal.ca\/en\/our-firm\/kim-luan-ferre-deslongchamps\/#primaryimage"},"thumbnailUrl":"https:\/\/medlegal.ca\/wp-content\/uploads\/2020\/02\/kim-ferre-deslongchamps.jpg","datePublished":"2020-02-12T21:31:28+00:00","dateModified":"2020-06-05T18:36:31+00:00","breadcrumb":{"@id":"https:\/\/medlegal.ca\/en\/our-firm\/kim-luan-ferre-deslongchamps\/#breadcrumb"},"inLanguage":"en-CA","potentialAction":[{"@type":"ReadAction","target":["https:\/\/medlegal.ca\/en\/our-firm\/kim-luan-ferre-deslongchamps\/"]}]},{"@type":"ImageObject","inLanguage":"en-CA","@id":"https:\/\/medlegal.ca\/en\/our-firm\/kim-luan-ferre-deslongchamps\/#primaryimage","url":"https:\/\/medlegal.ca\/wp-content\/uploads\/2020\/02\/kim-ferre-deslongchamps.jpg","contentUrl":"https:\/\/medlegal.ca\/wp-content\/uploads\/2020\/02\/kim-ferre-deslongchamps.jpg"},{"@type":"BreadcrumbList","@id":"https:\/\/medlegal.ca\/en\/our-firm\/kim-luan-ferre-deslongchamps\/#breadcrumb","itemListElement":[{"@type":"ListItem","position":1,"name":"Accueil","item":"https:\/\/medlegal.ca\/en\/"},{"@type":"ListItem","position":2,"name":"Our firm","item":"https:\/\/medlegal.ca\/en\/our-firm\/"},{"@type":"ListItem","position":3,"name":"Kim Luan Ferr\u00e9 Deslongchamps"}]},{"@type":"WebSite","@id":"https:\/\/medlegal.ca\/en\/#website","url":"https:\/\/medlegal.ca\/en\/","name":"MedL\u00e9gal","description":"Avocats","publisher":{"@id":"https:\/\/medlegal.ca\/en\/#organization"},"potentialAction":[{"@type":"SearchAction","target":{"@type":"EntryPoint","urlTemplate":"https:\/\/medlegal.ca\/en\/?s={search_term_string}"},"query-input":{"@type":"PropertyValueSpecification","valueRequired":true,"valueName":"search_term_string"}}],"inLanguage":"en-CA"},{"@type":"Organization","@id":"https:\/\/medlegal.ca\/en\/#organization","name":"MedL\u00e9gal","url":"https:\/\/medlegal.ca\/en\/","logo":{"@type":"ImageObject","inLanguage":"en-CA","@id":"https:\/\/medlegal.ca\/en\/#\/schema\/logo\/image\/","url":"https:\/\/medlegal.ca\/wp-content\/uploads\/2019\/10\/logo-MedLegal.jpg","contentUrl":"https:\/\/medlegal.ca\/wp-content\/uploads\/2019\/10\/logo-MedLegal.jpg","width":1588,"height":525,"caption":"MedL\u00e9gal"},"image":{"@id":"https:\/\/medlegal.ca\/en\/#\/schema\/logo\/image\/"}}]}},"_links":{"self":[{"href":"https:\/\/medlegal.ca\/en\/wp-json\/wp\/v2\/pages\/1767","targetHints":{"allow":["GET"]}}],"collection":[{"href":"https:\/\/medlegal.ca\/en\/wp-json\/wp\/v2\/pages"}],"about":[{"href":"https:\/\/medlegal.ca\/en\/wp-json\/wp\/v2\/types\/page"}],"author":[{"embeddable":true,"href":"https:\/\/medlegal.ca\/en\/wp-json\/wp\/v2\/users\/1"}],"replies":[{"embeddable":true,"href":"https:\/\/medlegal.ca\/en\/wp-json\/wp\/v2\/comments?post=1767"}],"version-history":[{"count":6,"href":"https:\/\/medlegal.ca\/en\/wp-json\/wp\/v2\/pages\/1767\/revisions"}],"predecessor-version":[{"id":2084,"href":"https:\/\/medlegal.ca\/en\/wp-json\/wp\/v2\/pages\/1767\/revisions\/2084"}],"up":[{"embeddable":true,"href":"https:\/\/medlegal.ca\/en\/wp-json\/wp\/v2\/pages\/1741"}],"wp:attachment":[{"href":"https:\/\/medlegal.ca\/en\/wp-json\/wp\/v2\/media?parent=1767"}],"curies":[{"name":"wp","href":"https:\/\/api.w.org\/{rel}","templated":true}]}}